{"id":2535,"date":"2020-12-07T15:39:01","date_gmt":"2020-12-07T12:39:01","guid":{"rendered":"https:\/\/www.milsoft.com.tr\/?page_id=2535"},"modified":"2020-12-25T18:22:41","modified_gmt":"2020-12-25T15:22:41","slug":"articles","status":"publish","type":"page","link":"https:\/\/www.milsoft.com.tr\/index.php\/articles\/","title":{"rendered":"Articles"},"content":{"rendered":"[vc_row type=&#8221;full_width_content&#8221; full_screen_row_position=&#8221;middle&#8221; bg_image=&#8221;8337&#8243; bg_position=&#8221;center center&#8221; bg_repeat=&#8221;no-repeat&#8221; bg_color=&#8221;#1f1f1f&#8221; scene_position=&#8221;center&#8221; text_color=&#8221;light&#8221; text_align=&#8221;left&#8221; top_padding=&#8221;10%&#8221; bottom_padding=&#8221;5%&#8221; color_overlay=&#8221;#242838&#8243; overlay_strength=&#8221;0.8&#8243;][vc_column column_padding=&#8221;no-extra-padding&#8221; column_padding_position=&#8221;all&#8221; background_color_opacity=&#8221;1&#8243; background_hover_color_opacity=&#8221;1&#8243; column_shadow=&#8221;none&#8221; width=&#8221;1\/1&#8243; tablet_text_alignment=&#8221;default&#8221; phone_text_alignment=&#8221;default&#8221; column_border_width=&#8221;none&#8221; column_border_style=&#8221;solid&#8221;][vc_row_inner column_margin=&#8221;default&#8221; text_align=&#8221;left&#8221;][vc_column_inner column_padding=&#8221;no-extra-padding&#8221; column_padding_position=&#8221;all&#8221; background_color_opacity=&#8221;1&#8243; width=&#8221;1\/6&#8243; column_border_width=&#8221;none&#8221; column_border_style=&#8221;solid&#8221;][\/vc_column_inner][vc_column_inner column_padding=&#8221;padding-2-percent&#8221; column_padding_position=&#8221;left-right&#8221; centered_text=&#8221;true&#8221; background_color_opacity=&#8221;1&#8243; width=&#8221;2\/3&#8243; column_border_width=&#8221;none&#8221; column_border_style=&#8221;solid&#8221;][vc_custom_heading text=&#8221;ARTICLES&#8221; font_container=&#8221;tag:h2|font_size:52|text_align:center|line_height:52px&#8221; use_theme_fonts=&#8221;yes&#8221;]<div class=\"divider-wrap\"><div style=\"height: 10px;\" class=\"divider\"><\/div><\/div>[vc_custom_heading text=&#8221;Articles Published&#8221; font_container=&#8221;tag:p|font_size:18|text_align:center|color:rgba(255%2C255%2C255%2C0.7)|line_height:26px&#8221; use_theme_fonts=&#8221;yes&#8221;][\/vc_column_inner][vc_column_inner column_padding=&#8221;no-extra-padding&#8221; column_padding_position=&#8221;all&#8221; background_color_opacity=&#8221;1&#8243; width=&#8221;1\/6&#8243; column_border_width=&#8221;none&#8221; column_border_style=&#8221;solid&#8221;][\/vc_column_inner][\/vc_row_inner][\/vc_column][\/vc_row][vc_row type=&#8221;full_width_background&#8221; full_screen_row_position=&#8221;middle&#8221; scene_position=&#8221;center&#8221; text_color=&#8221;dark&#8221; text_align=&#8221;left&#8221; top_padding=&#8221;10%&#8221; bottom_padding=&#8221;10%&#8221; overlay_strength=&#8221;0.95&#8243;][vc_column enable_animation=&#8221;true&#8221; animation=&#8221;fade-in-from-bottom&#8221; column_padding=&#8221;no-extra-padding&#8221; column_padding_position=&#8221;all&#8221; background_color_opacity=&#8221;1&#8243; background_hover_color_opacity=&#8221;1&#8243; column_shadow=&#8221;none&#8221; width=&#8221;1\/1&#8243; tablet_text_alignment=&#8221;default&#8221; phone_text_alignment=&#8221;default&#8221; column_border_width=&#8221;none&#8221; column_border_style=&#8221;solid&#8221;][vc_row_inner column_margin=&#8221;default&#8221; text_align=&#8221;left&#8221;][vc_column_inner enable_animation=&#8221;true&#8221; animation=&#8221;fade-in-from-bottom&#8221; column_padding=&#8221;no-extra-padding&#8221; column_padding_position=&#8221;all&#8221; centered_text=&#8221;true&#8221; background_color_opacity=&#8221;1&#8243; width=&#8221;1\/1&#8243; column_border_width=&#8221;none&#8221; column_border_style=&#8221;solid&#8221;][vc_column_text css=&#8221;.vc_custom_1608892029430{margin-top: -8px !important;margin-bottom: -8px !important;}&#8221;]\n<h2>ARTICLES<\/h2>\n[\/vc_column_text][\/vc_column_inner][\/vc_row_inner][vc_row_inner column_margin=&#8221;default&#8221; bottom_padding=&#8221;80&#8243; text_align=&#8221;left&#8221;][vc_column_inner column_padding=&#8221;no-extra-padding&#8221; column_padding_position=&#8221;all&#8221; background_color_opacity=&#8221;1&#8243; width=&#8221;1\/4&#8243; column_border_width=&#8221;none&#8221; column_border_style=&#8221;solid&#8221;][\/vc_column_inner][vc_column_inner enable_animation=&#8221;true&#8221; animation=&#8221;fade-in-from-bottom&#8221; column_padding=&#8221;no-extra-padding&#8221; column_padding_position=&#8221;all&#8221; background_color_opacity=&#8221;1&#8243; width=&#8221;1\/2&#8243; column_border_width=&#8221;none&#8221; column_border_style=&#8221;solid&#8221; delay=&#8221;50&#8243;][vc_custom_heading text=&#8221;&#8221; font_container=&#8221;tag:p|text_align:center|color:rgba(10%2C10%2C10%2C0.65)&#8221; use_theme_fonts=&#8221;yes&#8221; css_animation=&#8221;none&#8221;][\/vc_column_inner][vc_column_inner column_padding=&#8221;no-extra-padding&#8221; column_padding_position=&#8221;all&#8221; background_color_opacity=&#8221;1&#8243; width=&#8221;1\/4&#8243; column_border_width=&#8221;none&#8221; column_border_style=&#8221;solid&#8221;][\/vc_column_inner][\/vc_row_inner][vc_row_inner column_margin=&#8221;default&#8221; text_align=&#8221;left&#8221;][vc_column_inner enable_animation=&#8221;true&#8221; animation=&#8221;fade-in-from-bottom&#8221; column_padding=&#8221;no-extra-padding&#8221; column_padding_position=&#8221;all&#8221; background_color_opacity=&#8221;1&#8243; width=&#8221;1\/1&#8243; column_border_width=&#8221;none&#8221; column_border_style=&#8221;solid&#8221;][nectar_horizontal_list_item columns=&#8221;3&#8243; column_layout_using_3_columns=&#8221;large_first&#8221; col_1_text_align=&#8221;left&#8221; col_2_text_align=&#8221;left&#8221; col_3_text_align=&#8221;right&#8221; font_family=&#8221;h5&#8243; hover_color=&#8221;accent-color&#8221; col_1_content=&#8221;Elektronik Harp&#8221; col_2_content=&#8221;Writers :<br \/>\nSargun G\u00d6KTUN<br \/>\nSerdar BAKLAN<br \/>\nSedat T\u00dcRE<br \/>\nYavuz TU\u011eCU&#8221; cta_1_text=&#8221;READ&#8221; cta_1_url=&#8221;https:\/\/www.milsoft.com.tr\/wp-content\/uploads\/2020\/12\/Elektronik-Harp_MilSOFT.pdf&#8221;][nectar_horizontal_list_item columns=&#8221;3&#8243; column_layout_using_3_columns=&#8221;large_first&#8221; col_1_text_align=&#8221;left&#8221; col_2_text_align=&#8221;left&#8221; col_3_text_align=&#8221;right&#8221; font_family=&#8221;h5&#8243; hover_color=&#8221;accent-color&#8221; col_1_content=&#8221;Yapay Zeka ve Askeri Uygulamalar&#8221; col_2_content=&#8221;Writers :<br \/>\nSedat T\u00dcRE<br \/>\nSinan TOPUZ&#8221; cta_1_text=&#8221;READ&#8221; cta_1_url=&#8221;https:\/\/www.milsoft.com.tr\/wp-content\/uploads\/2020\/08\/Yapay-Zeka-ve-Askeri-Uygulamalar_v2.2.pdf&#8221;][nectar_horizontal_list_item columns=&#8221;3&#8243; column_layout_using_3_columns=&#8221;large_first&#8221; col_1_text_align=&#8221;left&#8221; col_2_text_align=&#8221;left&#8221; col_3_text_align=&#8221;right&#8221; font_family=&#8221;h5&#8243; hover_color=&#8221;accent-color&#8221; col_1_content=&#8221;Yaz\u0131l\u0131m Bak\u0131m\u0131&#8221; col_2_content=&#8221;Writer :<br \/>\nHasan KARABA\u011eLI&#8221; cta_1_text=&#8221;READ&#8221; cta_1_url=&#8221;https:\/\/www.milsoft.com.tr\/wp-content\/uploads\/2020\/08\/Yazilim-_Bakimi_Makale.pdf&#8221;][nectar_horizontal_list_item columns=&#8221;3&#8243; column_layout_using_3_columns=&#8221;large_first&#8221; col_1_text_align=&#8221;left&#8221; col_2_text_align=&#8221;left&#8221; col_3_text_align=&#8221;right&#8221; font_family=&#8221;h5&#8243; hover_color=&#8221;accent-color&#8221; col_1_content=&#8221;Silahlar her \u015fey demek de\u011fil &#8221; col_2_content=&#8221;Writer :<br \/>\nSinan TOPUZ&#8221; cta_1_text=&#8221;READ&#8221; cta_1_url=&#8221;https:\/\/www.milsoft.com.tr\/wp-content\/uploads\/2020\/08\/MDN_128_Sinan_Topuz.pdf&#8221;][nectar_horizontal_list_item columns=&#8221;3&#8243; column_layout_using_3_columns=&#8221;large_first&#8221; col_1_text_align=&#8221;left&#8221; col_2_text_align=&#8221;left&#8221; col_3_text_align=&#8221;right&#8221; font_family=&#8221;h5&#8243; hover_color=&#8221;accent-color&#8221; col_1_content=&#8221;Sava\u015flar\u0131 Yaz\u0131l\u0131mlar m\u0131 Kazanacak?&#8221; col_2_content=&#8221;Writer :<br \/>\nSinan TOPUZ&#8221; cta_1_text=&#8221;READ&#8221; cta_1_url=&#8221;https:\/\/www.milsoft.com.tr\/wp-content\/uploads\/2020\/08\/MDN_127-Sinan-Topuz.pdf&#8221;][nectar_horizontal_list_item columns=&#8221;3&#8243; column_layout_using_3_columns=&#8221;large_first&#8221; col_1_text_align=&#8221;left&#8221; col_2_text_align=&#8221;left&#8221; col_3_text_align=&#8221;right&#8221; font_family=&#8221;h5&#8243; hover_color=&#8221;accent-color&#8221; col_1_content=&#8221;Denizde Komuta Kontrol&#8221; col_2_content=&#8221;Writer :<br \/>\nSinan TOPUZ&#8221; cta_1_text=&#8221;READ&#8221; cta_1_url=&#8221;https:\/\/www.milsoft.com.tr\/wp-content\/uploads\/2020\/08\/Denizde_Komuta_Kontrol.pdf&#8221;][nectar_horizontal_list_item columns=&#8221;3&#8243; column_layout_using_3_columns=&#8221;large_first&#8221; col_1_text_align=&#8221;left&#8221; col_2_text_align=&#8221;left&#8221; col_3_text_align=&#8221;right&#8221; font_family=&#8221;h5&#8243; hover_color=&#8221;accent-color&#8221; col_1_content=&#8221;Savunma Sanayinde \u00d6m\u00fcr Devri Y\u00f6netimi&#8221; col_2_content=&#8221;Writer :<br \/>\nHasan KARABA\u011eLI&#8221; cta_1_text=&#8221;READ&#8221; cta_1_url=&#8221;https:\/\/www.milsoft.com.tr\/wp-content\/uploads\/2020\/08\/SAVUNMA-SANAYINDE-OMUR-DEVRI-YONETIMI.pdf&#8221;][\/vc_column_inner][\/vc_row_inner][\/vc_column][\/vc_row]\n","protected":false},"excerpt":{"rendered":"<p>[vc_row type=&#8221;full_width_content&#8221; full_screen_row_position=&#8221;middle&#8221; bg_image=&#8221;8337&#8243; bg_position=&#8221;center center&#8221; bg_repeat=&#8221;no-repeat&#8221; bg_color=&#8221;#1f1f1f&#8221; scene_position=&#8221;center&#8221; text_color=&#8221;light&#8221; text_align=&#8221;left&#8221; top_padding=&#8221;10%&#8221; bottom_padding=&#8221;5%&#8221; color_overlay=&#8221;#242838&#8243; overlay_strength=&#8221;0.8&#8243;][vc_column column_padding=&#8221;no-extra-padding&#8221; column_padding_position=&#8221;all&#8221; background_color_opacity=&#8221;1&#8243; background_hover_color_opacity=&#8221;1&#8243; column_shadow=&#8221;none&#8221; width=&#8221;1\/1&#8243; tablet_text_alignment=&#8221;default&#8221; phone_text_alignment=&#8221;default&#8221; column_border_width=&#8221;none&#8221; column_border_style=&#8221;solid&#8221;][vc_row_inner column_margin=&#8221;default&#8221; text_align=&#8221;left&#8221;][vc_column_inner column_padding=&#8221;no-extra-padding&#8221; column_padding_position=&#8221;all&#8221; background_color_opacity=&#8221;1&#8243;&#8230;<\/p>\n","protected":false},"author":1,"featured_media":0,"parent":0,"menu_order":0,"comment_status":"closed","ping_status":"closed","template":"","meta":{"footnotes":""},"class_list":["post-2535","page","type-page","status-publish","hentry"],"_links":{"self":[{"href":"https:\/\/www.milsoft.com.tr\/index.php\/wp-json\/wp\/v2\/pages\/2535","targetHints":{"allow":["GET"]}}],"collection":[{"href":"https:\/\/www.milsoft.com.tr\/index.php\/wp-json\/wp\/v2\/pages"}],"about":[{"href":"https:\/\/www.milsoft.com.tr\/index.php\/wp-json\/wp\/v2\/types\/page"}],"author":[{"embeddable":true,"href":"https:\/\/www.milsoft.com.tr\/index.php\/wp-json\/wp\/v2\/users\/1"}],"replies":[{"embeddable":true,"href":"https:\/\/www.milsoft.com.tr\/index.php\/wp-json\/wp\/v2\/comments?post=2535"}],"version-history":[{"count":18,"href":"https:\/\/www.milsoft.com.tr\/index.php\/wp-json\/wp\/v2\/pages\/2535\/revisions"}],"predecessor-version":[{"id":2766,"href":"https:\/\/www.milsoft.com.tr\/index.php\/wp-json\/wp\/v2\/pages\/2535\/revisions\/2766"}],"wp:attachment":[{"href":"https:\/\/www.milsoft.com.tr\/index.php\/wp-json\/wp\/v2\/media?parent=2535"}],"curies":[{"name":"wp","href":"https:\/\/api.w.org\/{rel}","templated":true}]}}