{"id":1553,"date":"2020-10-19T18:44:53","date_gmt":"2020-10-19T15:44:53","guid":{"rendered":"https:\/\/www.milsoft.com.tr\/?page_id=1553"},"modified":"2026-04-15T13:44:06","modified_gmt":"2026-04-15T10:44:06","slug":"cozumlerimiz","status":"publish","type":"page","link":"https:\/\/www.milsoft.com.tr\/index.php\/cozumlerimiz\/","title":{"rendered":"Faliyet Alanlar\u0131m\u0131z"},"content":{"rendered":"[vc_row type=&#8221;full_width_background&#8221; full_screen_row_position=&#8221;middle&#8221; equal_height=&#8221;yes&#8221; content_placement=&#8221;middle&#8221; bg_image=&#8221;6571&#8243; bg_position=&#8221;center center&#8221; bg_repeat=&#8221;no-repeat&#8221; bg_color=&#8221;#1e1e1e&#8221; scene_position=&#8221;center&#8221; text_color=&#8221;light&#8221; text_align=&#8221;left&#8221; top_padding=&#8221;10%&#8221; bottom_padding=&#8221;5%&#8221; color_overlay=&#8221;#242838&#8243; overlay_strength=&#8221;0.8&#8243;][vc_column column_padding=&#8221;no-extra-padding&#8221; column_padding_position=&#8221;all&#8221; background_color_opacity=&#8221;1&#8243; background_hover_color_opacity=&#8221;1&#8243; column_shadow=&#8221;none&#8221; width=&#8221;1\/1&#8243; tablet_text_alignment=&#8221;default&#8221; phone_text_alignment=&#8221;default&#8221; column_border_width=&#8221;none&#8221; column_border_style=&#8221;solid&#8221;][vc_row_inner column_margin=&#8221;default&#8221; text_align=&#8221;left&#8221;][vc_column_inner column_padding=&#8221;no-extra-padding&#8221; column_padding_position=&#8221;all&#8221; background_color_opacity=&#8221;1&#8243; width=&#8221;1\/6&#8243; column_border_width=&#8221;none&#8221; column_border_style=&#8221;solid&#8221;][\/vc_column_inner][vc_column_inner column_padding=&#8221;padding-2-percent&#8221; column_padding_position=&#8221;left-right&#8221; centered_text=&#8221;true&#8221; background_color_opacity=&#8221;1&#8243; width=&#8221;2\/3&#8243; column_border_width=&#8221;none&#8221; column_border_style=&#8221;solid&#8221;][vc_custom_heading text=&#8221;Faaliyet Alanlar\u0131m\u0131z&#8221; font_container=&#8221;tag:h2|font_size:52|text_align:center|line_height:52px&#8221; use_theme_fonts=&#8221;yes&#8221;]<div class=\"divider-wrap\"><div style=\"height: 10px;\" class=\"divider\"><\/div><\/div>[vc_custom_heading text=&#8221;Uzmanl\u0131klar\u0131m\u0131z<br \/>\n&#8221; font_container=&#8221;tag:p|font_size:18|text_align:center|color:rgba(255%2C255%2C255%2C0.7)|line_height:26px&#8221; use_theme_fonts=&#8221;yes&#8221;][\/vc_column_inner][vc_column_inner column_padding=&#8221;no-extra-padding&#8221; column_padding_position=&#8221;all&#8221; background_color_opacity=&#8221;1&#8243; width=&#8221;1\/6&#8243; column_border_width=&#8221;none&#8221; column_border_style=&#8221;solid&#8221;][\/vc_column_inner][\/vc_row_inner][\/vc_column][\/vc_row][vc_row type=&#8221;full_width_background&#8221; full_screen_row_position=&#8221;middle&#8221; bg_color=&#8221;#232323&#8243; scene_position=&#8221;center&#8221; text_color=&#8221;dark&#8221; text_align=&#8221;left&#8221; top_padding=&#8221;50&#8243; bottom_padding=&#8221;30&#8243; overlay_strength=&#8221;0.3&#8243;][vc_column column_padding=&#8221;no-extra-padding&#8221; column_padding_position=&#8221;all&#8221; background_color_opacity=&#8221;1&#8243; background_hover_color_opacity=&#8221;1&#8243; column_shadow=&#8221;none&#8221; width=&#8221;1\/1&#8243; tablet_text_alignment=&#8221;default&#8221; phone_text_alignment=&#8221;default&#8221; column_border_width=&#8221;none&#8221; column_border_style=&#8221;solid&#8221;][vc_custom_heading text=&#8221;MilSOFT; Komuta, Kontrol, Muhabere, Bilgisayar ve \u0130stihbarat (C4I) Teknolojileri , ISR ve G\u00f6r\u00fcnt\u00fc K\u0131ymetlendirme Sistemleri, Elektronik Harp, G\u00f6m\u00fcl\u00fc Yaz\u0131l\u0131mlar, Bilgi Teknolojileri, Siber G\u00fcvenlik, E\u011fitim ve Simulasyon alanlar\u0131nda \u00f6zg\u00fcn \u00e7\u00f6z\u00fcmler \u00fcretmektedir.&#8221; font_container=&#8221;tag:h2|font_size:24|text_align:center|color:%23ffffff&#8221; use_theme_fonts=&#8221;yes&#8221;][\/vc_column][\/vc_row][vc_row type=&#8221;full_width_background&#8221; full_screen_row_position=&#8221;middle&#8221; bg_color=&#8221;#151519&#8243; scene_position=&#8221;center&#8221; text_color=&#8221;dark&#8221; text_align=&#8221;left&#8221; top_padding=&#8221;7%&#8221; bottom_padding=&#8221;7%&#8221; id=&#8221;services&#8221; enable_gradient=&#8221;true&#8221; color_overlay=&#8221;#232323&#8243; color_overlay_2=&#8221;#191919&#8243; gradient_direction=&#8221;left_t_to_right_b&#8221; overlay_strength=&#8221;1&#8243;][vc_column enable_animation=&#8221;true&#8221; animation=&#8221;reveal-from-bottom&#8221; column_padding=&#8221;padding-1-percent&#8221; column_padding_position=&#8221;all&#8221; background_color_opacity=&#8221;1&#8243; background_hover_color_opacity=&#8221;1&#8243; column_shadow=&#8221;none&#8221; width=&#8221;1\/3&#8243; tablet_text_alignment=&#8221;default&#8221; phone_text_alignment=&#8221;default&#8221; column_border_width=&#8221;none&#8221; column_border_style=&#8221;solid&#8221;][fancy_box image_url=&#8221;909&#8243; color=&#8221;Accent-Color&#8221; link_url=&#8221;https:\/\/www.milsoft.com.tr\/index.php\/portfolio\/c4i\/&#8221; link_text=&#8221;Detaylar&#8221; min_height=&#8221;400&#8243;]\n<h3>C4I Sistemleri<\/h3>\n<div class=\"wpb_column vc_column_container col-sm-4\">\n<div class=\"vc_column-inner md_col-59fc46ea044bf\">\n<div class=\"wpb_wrapper\">\n<div class=\"md-text-container md_text_style-59fc46ea075fe md-align-left wpb_wrapper wpb_md_text_wrapper ui-md_text\">\n<div class=\"md-text gizmo-container\">\n<div class=\"md-text-content inline-editor \">\n<div class=\"wpb_column vc_column_container col-sm-4\">\n<div class=\"vc_column-inner md_col-5a0d64e62742a\">\n<div class=\"wpb_wrapper\">\n<div class=\"md-text-container md_text_style-5a0d64e627fa9 md-align-left wpb_wrapper wpb_md_text_wrapper ui-md_text\">\n<div class=\"md-text gizmo-container\">\n<div class=\"md-text-content inline-editor \">\n<p>MilSOFT, Komuta Kontrol alan\u0131nda m\u00fc\u015fterilerine \u00f6zg\u00fcn \u00e7\u00f6z\u00fcmler sunmaktad\u0131r. MilSOFT Komuta Kontrol yaz\u0131l\u0131mlar\u0131 geli\u015ftirmeye ba\u015flad\u0131\u011f\u0131 d\u00f6nemden itibaren da\u011f\u0131t\u0131k bir mimariyi, bak\u0131m-idame kolayl\u0131\u011f\u0131n\u0131 ve uluslararas\u0131 standartlara uyumlulu\u011fu hedefleyen en son teknolojileri temel alm\u0131\u015ft\u0131r.<\/p>\n<\/div>\n<\/div>\n<\/div>\n<\/div>\n<\/div>\n<\/div>\n<div class=\"wpb_column vc_column_container col-sm-4\"><\/div>\n<\/div>\n<\/div>\n<\/div>\n<\/div>\n<\/div>\n<\/div>\n<div class=\"wpb_column vc_column_container col-sm-4\"><\/div>\n[\/fancy_box][fancy_box image_url=&#8221;868&#8243; color=&#8221;Accent-Color&#8221; link_url=&#8221;https:\/\/www.milsoft.com.tr\/index.php\/portfolio\/gomulu-sistemler\/&#8221; link_text=&#8221;Detaylar&#8221; min_height=&#8221;400&#8243;]\n<h3>G\u00f6m\u00fcl\u00fc Sistemler<\/h3>\n<div class=\"wpb_column vc_column_container col-sm-4\">\n<div class=\"vc_column-inner md_col-59fc46ea044bf\">\n<div class=\"wpb_wrapper\">\n<div class=\"md-text-container md_text_style-59fc46ea075fe md-align-left wpb_wrapper wpb_md_text_wrapper ui-md_text\">\n<div class=\"md-text gizmo-container\">\n<div class=\"md-text-content inline-editor \">\n<div class=\"wpb_column vc_column_container col-sm-4\">\n<div class=\"vc_column-inner md_col-59fc46ea0b785\">\n<div class=\"wpb_wrapper\">\n<div class=\"md-text-container md_text_style-59fc46ea0c123 md-align-center wpb_wrapper wpb_md_text_wrapper ui-md_text\">\n<div class=\"md-text gizmo-container\">\n<div class=\"md-text-content inline-editor \">\n<div class=\"wpb_column vc_column_container col-sm-4\">\n<div class=\"vc_column-inner md_col-5a0d64e62b5e1\">\n<div class=\"wpb_wrapper\">\n<div class=\"md-text-container md_text_style-5a0d64e62c1e4 md-align-center wpb_wrapper wpb_md_text_wrapper ui-md_text\">\n<div class=\"md-text gizmo-container\">\n<div class=\"md-text-content inline-editor \">\n<p>MilSOFT Skiorsky S-92 i\u00e7in uluslararas\u0131 pazarda kritik g\u00f6rev yaz\u0131l\u0131m\u0131 Data Computer Software Bak\u0131m Projesini ald\u0131 ve ba\u015far\u0131 ile teslim etti.<\/p>\n<\/div>\n<\/div>\n<\/div>\n<\/div>\n<\/div>\n<\/div>\n<div class=\"wpb_column vc_column_container col-sm-4\"><\/div>\n<\/div>\n<\/div>\n<\/div>\n<\/div>\n<\/div>\n<\/div>\n<div class=\"wpb_column vc_column_container col-sm-4\"><\/div>\n<\/div>\n<\/div>\n<\/div>\n<\/div>\n<\/div>\n<\/div>\n<div class=\"wpb_column vc_column_container col-sm-4\"><\/div>\n[\/fancy_box][fancy_box image_url=&#8221;870&#8243; color=&#8221;Accent-Color&#8221; link_url=&#8221;https:\/\/www.milsoft.com.tr\/index.php\/portfolio\/siber-guvenlik\/&#8221; link_text=&#8221;Detaylar&#8221; min_height=&#8221;400&#8243;]\n<h3>Siber G\u00fcvenlik<\/h3>\n<div class=\"wpb_column vc_column_container col-sm-4\"><\/div>\n<div class=\"wpb_column vc_column_container col-sm-4\"><\/div>\n[\/fancy_box][\/vc_column][vc_column enable_animation=&#8221;true&#8221; animation=&#8221;reveal-from-bottom&#8221; column_padding=&#8221;padding-1-percent&#8221; column_padding_position=&#8221;all&#8221; background_color_opacity=&#8221;1&#8243; background_hover_color_opacity=&#8221;1&#8243; column_shadow=&#8221;none&#8221; width=&#8221;1\/3&#8243; tablet_text_alignment=&#8221;default&#8221; phone_text_alignment=&#8221;default&#8221; column_border_width=&#8221;none&#8221; column_border_style=&#8221;solid&#8221; delay=&#8221;200&#8243;][fancy_box image_url=&#8221;836&#8243; color=&#8221;Extra-Color-1&#8243; link_url=&#8221;https:\/\/www.milsoft.com.tr\/index.php\/portfolio\/isr\/&#8221; link_text=&#8221;Detaylar&#8221; min_height=&#8221;400&#8243;]\n<h3>\u0130stihbarat Ke\u015fif G\u00f6zetleme ve G\u00f6r\u00fcnt\u00fc K\u0131ymetlendirme Sistemleri<\/h3>\n<div class=\"wpb_column vc_column_container col-sm-4\">\n<div class=\"vc_column-inner md_col-59fc46ea077fd\">\n<div class=\"wpb_wrapper\">\n<div class=\"md-text-container md_text_style-59fc46ea089f9 md-align-left wpb_wrapper wpb_md_text_wrapper ui-md_text\">\n<div class=\"md-text gizmo-container\">\n<div class=\"md-text-content inline-editor \">\n<div class=\"wpb_column vc_column_container col-sm-4\">\n<div class=\"vc_column-inner md_col-5a0d64e6281bc\">\n<div class=\"wpb_wrapper\">\n<div class=\"md-text-container md_text_style-5a0d64e629260 md-align-left wpb_wrapper wpb_md_text_wrapper ui-md_text\">\n<div class=\"md-text gizmo-container\">\n<div class=\"md-text-content inline-editor \">\n<p>MilSOFT 2005 y\u0131l\u0131ndan bu yana g\u00f6r\u00fcnt\u00fc kiymetlendirme sistemlerine y\u00f6nelik \u00e7al\u0131\u015fmalar y\u00fcr\u00fctmekte olup T\u00fcrk Silahl\u0131 Kuvvetleri (TSK) envanterinde yer alan\/alacak farkl\u0131 sistemler i\u00e7in g\u00f6r\u00fcnt\u00fc k\u0131ymetlendirme ve g\u00f6rev destek sistemlerinde \u00fcr\u00fcn\/\u00e7\u00f6z\u00fcm geli\u015ftirmi\u015f\/geli\u015ftirmektedir.<\/p>\n<\/div>\n<\/div>\n<\/div>\n<\/div>\n<\/div>\n<\/div>\n<div class=\"wpb_column vc_column_container col-sm-4\"><\/div>\n<\/div>\n<\/div>\n<\/div>\n<\/div>\n<\/div>\n<\/div>\n<div class=\"wpb_column vc_column_container col-sm-4\"><\/div>\n[\/fancy_box][fancy_box image_url=&#8221;869&#8243; color=&#8221;Extra-Color-1&#8243; link_url=&#8221;https:\/\/www.milsoft.com.tr\/index.php\/portfolio\/bilgi-teknolojileri\/&#8221; link_text=&#8221;Detaylar&#8221; min_height=&#8221;400&#8243;]\n<h3>Bilgi Teknolojileri<\/h3>\n<div class=\"wpb_column vc_column_container col-sm-4\">\n<div class=\"vc_column-inner md_col-59fc46ea0c2d3\">\n<div class=\"wpb_wrapper\">\n<div class=\"md-text-container md_text_style-59fc46ea0d839 md-align-center wpb_wrapper wpb_md_text_wrapper ui-md_text\">\n<div class=\"md-text gizmo-container\">\n<div class=\"md-text-content inline-editor \">\n<div class=\"wpb_column vc_column_container col-sm-4\">\n<div class=\"vc_column-inner md_col-5a0d64e62c404\">\n<div class=\"wpb_wrapper\">\n<div class=\"md-text-container md_text_style-5a0d64e62e0e5 md-align-center wpb_wrapper wpb_md_text_wrapper ui-md_text\">\n<div class=\"md-text gizmo-container\">\n<div class=\"md-text-content inline-editor \">\n<p>MilSOFT\u2019un lojistik sistemlerle g\u00fc\u00e7l\u00fc ba\u011flar\u0131 vard\u0131r. Lojistik destek sistem \u00fcr\u00fcn\u00fcm\u00fcz Mil-ILS \u00d6m\u00fcr Destek ve Y\u00f6netim Bilgi sistemi OTOKAR Altay tank prototip projesinin bir par\u00e7as\u0131 olmu\u015ftur.<\/p>\n<\/div>\n<\/div>\n<\/div>\n<\/div>\n<\/div>\n<\/div>\n<div class=\"wpb_column vc_column_container col-sm-4\"><\/div>\n<\/div>\n<\/div>\n<\/div>\n<\/div>\n<\/div>\n<\/div>\n<div class=\"wpb_column vc_column_container col-sm-4\"><\/div>\n[\/fancy_box][fancy_box image_url=&#8221;841&#8243; color=&#8221;Extra-Color-1&#8243; link_url=&#8221;https:\/\/www.milsoft.com.tr\/index.php\/portfolio\/simulasyon\/&#8221; link_text=&#8221;Detaylar&#8221; min_height=&#8221;400&#8243;]\n<h3>E\u011fitim ve Simulasyon<\/h3>\n<div class=\"wpb_column vc_column_container col-sm-4\"><\/div>\n[\/fancy_box][\/vc_column][vc_column enable_animation=&#8221;true&#8221; animation=&#8221;reveal-from-bottom&#8221; column_padding=&#8221;padding-1-percent&#8221; column_padding_position=&#8221;all&#8221; background_color_opacity=&#8221;1&#8243; background_hover_color_opacity=&#8221;1&#8243; column_shadow=&#8221;none&#8221; width=&#8221;1\/3&#8243; tablet_text_alignment=&#8221;default&#8221; phone_text_alignment=&#8221;default&#8221; column_border_width=&#8221;none&#8221; column_border_style=&#8221;solid&#8221; delay=&#8221;400&#8243;][fancy_box image_url=&#8221;835&#8243; color=&#8221;Extra-Color-2&#8243; link_url=&#8221;https:\/\/www.milsoft.com.tr\/index.php\/portfolio\/taktik-veri-link-sistemleri\/&#8221; link_text=&#8221;Detaylar&#8221; min_height=&#8221;400&#8243;]\n<h3>Taktik Veri Link Sistemleri<\/h3>\n<div id=\"rowCustom-59fc46ea0427f\" class=\"no-bg-image vc_row wpb_row mBuilder-element controls-in sectionOverlay vc_general vc_parallax vc_parallax- full_size \" data-mbuilder-id=\"3\" data-col-layout=\"12\/12\" data-bgcolor=\" rgba(255,255,255,1)\">\n<div class=\"wrap clearfix box_size_container\">\n<div class=\"wpb_column vc_column_container col-sm-4\">\n<div class=\"vc_column-inner md_col-59fc46ea08bde\">\n<div class=\"wpb_wrapper\">\n<div class=\"md-text-container md_text_style-59fc46ea0b08e md-align-center wpb_wrapper wpb_md_text_wrapper ui-md_text\">\n<div class=\"md-text gizmo-container\">\n<div class=\"md-text-content inline-editor \">\n<div id=\"rowCustom-5a0d64e626cdf\" class=\"no-bg-image vc_row wpb_row mBuilder-element controls-in sectionOverlay vc_general vc_parallax vc_parallax- full_size \" data-mbuilder-id=\"3\" data-col-layout=\"12\/12\" data-bgcolor=\" rgba(255,255,255,1)\">\n<div class=\"wrap clearfix box_size_container\">\n<div class=\"wpb_column vc_column_container col-sm-4\">\n<div class=\"vc_column-inner md_col-5a0d64e629454\">\n<div class=\"wpb_wrapper\">\n<div class=\"md-text-container md_text_style-5a0d64e62aeda md-align-center wpb_wrapper wpb_md_text_wrapper ui-md_text\">\n<div class=\"md-text gizmo-container\">\n<div class=\"md-text-content inline-editor \">\n<p>MilSOFT Taktik Veri Linki \u0130\u015flemcisi (Mil-DLP) ile Link 11\/16\/22 kabiliyetli hava \/ su\u00fcst\u00fc \/ sualt\u0131 \/ kara platformlar\u0131 aras\u0131nda taktik bilginin veri link kabiliyeti kullan\u0131larak payla\u015f\u0131lmas\u0131na olanak sa\u011flar.<\/p>\n<\/div>\n<\/div>\n<\/div>\n<\/div>\n<\/div>\n<\/div>\n<\/div>\n<\/div>\n<div id=\"rowCustom-5a0d64e62b3bf\" class=\"no-bg-image vc_row wpb_row mBuilder-element vc_row wpb_row mBuilder-element row-content-top sectionOverlay vc_general vc_parallax vc_parallax- full_size \" data-mbuilder-id=\"4\" data-col-layout=\"12\/12\" data-bgcolor=\" rgba(255,255,255,1)\"><\/div>\n<\/div>\n<\/div>\n<\/div>\n<\/div>\n<\/div>\n<\/div>\n<\/div>\n<\/div>\n<div id=\"rowCustom-59fc46ea0b573\" class=\"no-bg-image vc_row wpb_row mBuilder-element vc_row wpb_row mBuilder-element row-content-top sectionOverlay vc_general vc_parallax vc_parallax- full_size \" data-mbuilder-id=\"4\" data-col-layout=\"12\/12\" data-bgcolor=\" rgba(255,255,255,1)\"><\/div>\n[\/fancy_box][fancy_box image_url=&#8221;781&#8243; color=&#8221;Extra-Color-2&#8243; link_url=&#8221;https:\/\/www.milsoft.com.tr\/index.php\/portfolio\/elektronik-harp\/&#8221; link_text=&#8221;Detaylar&#8221; min_height=&#8221;400&#8243;]\n<h3>Elektronik Harp<\/h3>\n<div id=\"rowCustom-5a0d64e62b3bf\" class=\"no-bg-image vc_row wpb_row mBuilder-element vc_row wpb_row mBuilder-element row-content-top sectionOverlay vc_general vc_parallax vc_parallax- full_size \" data-mbuilder-id=\"4\" data-col-layout=\"12\/12\" data-bgcolor=\" rgba(255,255,255,1)\">\n<div class=\"wrap clearfix box_size_container\">\n<div class=\"wpb_column vc_column_container col-sm-4\">\n<div class=\"vc_column-inner md_col-5a0d64e62e316\">\n<div class=\"wpb_wrapper\">\n<div class=\"md-text-container md_text_style-5a0d64e62ed8b md-align-center wpb_wrapper wpb_md_text_wrapper ui-md_text\">\n<div class=\"md-text gizmo-container\">\n<div class=\"md-text-content inline-editor \">\n<p>MilSOFT Elektronik Harp(EH) konusunda m\u00fc\u015fterilerine EH Harek\u00e2t Destek Merkezi kurulumundan, Tehdit Analizi ve Kar\u0131\u015ft\u0131rma teknikleri geli\u015ftirilmesi ve Elektronik Harp E\u011fitimlerine kadar pek \u00e7ok alanda hizmet vermektedir.<\/p>\n<\/div>\n<\/div>\n<\/div>\n<\/div>\n<\/div>\n<\/div>\n<\/div>\n<\/div>\n<div id=\"rowCustom-5a0d64e62f2d1\" class=\"no-bg-image vc_row wpb_row mBuilder-element vc_row wpb_row mBuilder-element row-content-top sectionOverlay vc_general vc_parallax vc_parallax- full_size \" data-mbuilder-id=\"5\" data-col-layout=\"12\/12\" data-bgcolor=\" rgba(255,255,255,1)\"><\/div>\n[\/fancy_box][fancy_box image_url=&#8221;6859&#8243; color=&#8221;Extra-Color-2&#8243; link_url=&#8221;https:\/\/www.milsoft.com.tr\/index.php\/portfolio\/sap-danismanligi-ve-erp-cozumleri\/&#8221; link_text=&#8221;Detaylar&#8221; min_height=&#8221;400&#8243;]\n<h3>SAP Dan\u0131\u015fmanl\u0131\u011f\u0131 ve Kurumsal ERP \u00c7\u00f6z\u00fcmleri<\/h3>\n<div id=\"rowCustom-5a0d64e62b3bf\" class=\"no-bg-image vc_row wpb_row mBuilder-element vc_row wpb_row mBuilder-element row-content-top sectionOverlay vc_general vc_parallax vc_parallax- full_size \" data-mbuilder-id=\"4\" data-col-layout=\"12\/12\" data-bgcolor=\" rgba(255,255,255,1)\">\n<div class=\"wrap clearfix box_size_container\">\n<div class=\"wpb_column vc_column_container col-sm-4\">\n<div class=\"vc_column-inner md_col-5a0d64e62e316\">\n<div class=\"wpb_wrapper\">\n<div class=\"md-text-container md_text_style-5a0d64e62ed8b md-align-center wpb_wrapper wpb_md_text_wrapper ui-md_text\">\n<div class=\"md-text gizmo-container\">\n<div class=\"md-text-content inline-editor \">\n<p>&nbsp;<\/p>\n<\/div>\n<\/div>\n<\/div>\n<\/div>\n<\/div>\n<\/div>\n<\/div>\n<\/div>\n<div id=\"rowCustom-5a0d64e62f2d1\" class=\"no-bg-image vc_row wpb_row mBuilder-element vc_row wpb_row mBuilder-element row-content-top sectionOverlay vc_general vc_parallax vc_parallax- full_size \" data-mbuilder-id=\"5\" data-col-layout=\"12\/12\" data-bgcolor=\" rgba(255,255,255,1)\"><\/div>\n[\/fancy_box][\/vc_column][\/vc_row]\n","protected":false},"excerpt":{"rendered":"<p>[vc_row type=&#8221;full_width_background&#8221; full_screen_row_position=&#8221;middle&#8221; equal_height=&#8221;yes&#8221; content_placement=&#8221;middle&#8221; bg_image=&#8221;6571&#8243; bg_position=&#8221;center center&#8221; bg_repeat=&#8221;no-repeat&#8221; bg_color=&#8221;#1e1e1e&#8221; scene_position=&#8221;center&#8221; text_color=&#8221;light&#8221; text_align=&#8221;left&#8221; top_padding=&#8221;10%&#8221; bottom_padding=&#8221;5%&#8221; color_overlay=&#8221;#242838&#8243; overlay_strength=&#8221;0.8&#8243;][vc_column column_padding=&#8221;no-extra-padding&#8221; column_padding_position=&#8221;all&#8221; background_color_opacity=&#8221;1&#8243; background_hover_color_opacity=&#8221;1&#8243; column_shadow=&#8221;none&#8221; width=&#8221;1\/1&#8243; tablet_text_alignment=&#8221;default&#8221; phone_text_alignment=&#8221;default&#8221; column_border_width=&#8221;none&#8221; column_border_style=&#8221;solid&#8221;][vc_row_inner column_margin=&#8221;default&#8221; text_align=&#8221;left&#8221;][vc_column_inner column_padding=&#8221;no-extra-padding&#8221;&#8230;<\/p>\n","protected":false},"author":1,"featured_media":0,"parent":0,"menu_order":0,"comment_status":"closed","ping_status":"closed","template":"","meta":{"footnotes":""},"class_list":["post-1553","page","type-page","status-publish","hentry"],"_links":{"self":[{"href":"https:\/\/www.milsoft.com.tr\/index.php\/wp-json\/wp\/v2\/pages\/1553","targetHints":{"allow":["GET"]}}],"collection":[{"href":"https:\/\/www.milsoft.com.tr\/index.php\/wp-json\/wp\/v2\/pages"}],"about":[{"href":"https:\/\/www.milsoft.com.tr\/index.php\/wp-json\/wp\/v2\/types\/page"}],"author":[{"embeddable":true,"href":"https:\/\/www.milsoft.com.tr\/index.php\/wp-json\/wp\/v2\/users\/1"}],"replies":[{"embeddable":true,"href":"https:\/\/www.milsoft.com.tr\/index.php\/wp-json\/wp\/v2\/comments?post=1553"}],"version-history":[{"count":7,"href":"https:\/\/www.milsoft.com.tr\/index.php\/wp-json\/wp\/v2\/pages\/1553\/revisions"}],"predecessor-version":[{"id":6862,"href":"https:\/\/www.milsoft.com.tr\/index.php\/wp-json\/wp\/v2\/pages\/1553\/revisions\/6862"}],"wp:attachment":[{"href":"https:\/\/www.milsoft.com.tr\/index.php\/wp-json\/wp\/v2\/media?parent=1553"}],"curies":[{"name":"wp","href":"https:\/\/api.w.org\/{rel}","templated":true}]}}